{"id":6416,"date":"2024-02-23T00:00:11","date_gmt":"2024-02-23T00:00:11","guid":{"rendered":"https:\/\/theticketclinic.com\/?page_id=6416"},"modified":"2024-02-23T02:40:52","modified_gmt":"2024-02-23T02:40:52","slug":"terms-and-conditions-web-spa","status":"publish","type":"page","link":"https:\/\/www.theticketclinic.com\/es\/terms-and-conditions-web-spa\/","title":{"rendered":"Terms and Conditions Web Spanish"},"content":{"rendered":"\t\t<div data-elementor-type=\"wp-page\" data-elementor-id=\"6416\" class=\"elementor elementor-6416\" data-elementor-post-type=\"page\">\n\t\t\t\t\t\t<section class=\"elementor-section elementor-top-section elementor-element elementor-element-c514520 elementor-section-boxed elementor-section-height-default elementor-section-height-default\" data-id=\"c514520\" data-element_type=\"section\" data-e-type=\"section\">\n\t\t\t\t\t\t<div class=\"elementor-container elementor-column-gap-default\">\n\t\t\t\t\t<div class=\"elementor-column elementor-col-100 elementor-top-column elementor-element elementor-element-19def856\" data-id=\"19def856\" data-element_type=\"column\" data-e-type=\"column\">\n\t\t\t<div class=\"elementor-widget-wrap elementor-element-populated\">\n\t\t\t\t\t\t<div class=\"elementor-element elementor-element-55407f94 elementor-widget elementor-widget-menu-anchor\" data-id=\"55407f94\" data-element_type=\"widget\" data-e-type=\"widget\" data-widget_type=\"menu-anchor.default\">\n\t\t\t\t<div class=\"elementor-widget-container\">\n\t\t\t\t\t\t\t<div class=\"elementor-menu-anchor\" id=\"top\"><\/div>\n\t\t\t\t\t\t<\/div>\n\t\t\t\t<\/div>\n\t\t\t\t\t<\/div>\n\t\t<\/div>\n\t\t\t\t\t<\/div>\n\t\t<\/section>\n\t\t\t\t<section class=\"elementor-section elementor-top-section elementor-element elementor-element-1c950e98 elementor-section-full_width elementor-section-height-min-height elementor-section-height-default elementor-section-items-middle\" data-id=\"1c950e98\" data-element_type=\"section\" data-e-type=\"section\" data-settings=\"{&quot;background_background&quot;:&quot;classic&quot;,&quot;background_motion_fx_motion_fx_scrolling&quot;:&quot;yes&quot;,&quot;background_motion_fx_translateY_effect&quot;:&quot;yes&quot;,&quot;background_motion_fx_translateY_speed&quot;:{&quot;unit&quot;:&quot;px&quot;,&quot;size&quot;:5,&quot;sizes&quot;:[]},&quot;background_motion_fx_scale_effect&quot;:&quot;yes&quot;,&quot;background_motion_fx_scale_speed&quot;:{&quot;unit&quot;:&quot;px&quot;,&quot;size&quot;:2,&quot;sizes&quot;:[]},&quot;background_motion_fx_devices&quot;:[&quot;desktop&quot;,&quot;tablet&quot;],&quot;background_motion_fx_translateY_affectedRange&quot;:{&quot;unit&quot;:&quot;%&quot;,&quot;size&quot;:&quot;&quot;,&quot;sizes&quot;:{&quot;start&quot;:0,&quot;end&quot;:100}},&quot;background_motion_fx_scale_direction&quot;:&quot;out-in&quot;,&quot;background_motion_fx_scale_range&quot;:{&quot;unit&quot;:&quot;%&quot;,&quot;size&quot;:&quot;&quot;,&quot;sizes&quot;:{&quot;start&quot;:20,&quot;end&quot;:80}}}\">\n\t\t\t\t\t\t\t<div class=\"elementor-background-overlay\"><\/div>\n\t\t\t\t\t\t\t<div class=\"elementor-container elementor-column-gap-default\">\n\t\t\t\t\t<div class=\"elementor-column elementor-col-100 elementor-top-column elementor-element elementor-element-5db28257\" data-id=\"5db28257\" data-element_type=\"column\" data-e-type=\"column\">\n\t\t\t<div class=\"elementor-widget-wrap elementor-element-populated\">\n\t\t\t\t\t\t<div class=\"elementor-element elementor-element-5aaee891 elementor-widget__width-initial elementor-invisible elementor-widget elementor-widget-text-editor\" data-id=\"5aaee891\" data-element_type=\"widget\" data-e-type=\"widget\" data-settings=\"{&quot;_animation&quot;:&quot;fadeInUp&quot;}\" data-widget_type=\"text-editor.default\">\n\t\t\t\t<div class=\"elementor-widget-container\">\n\t\t\t\t\t\t\t\t\t<h1>T\u00e9rminos y Condiciones<\/h1>\t\t\t\t\t\t\t\t<\/div>\n\t\t\t\t<\/div>\n\t\t\t\t\t<\/div>\n\t\t<\/div>\n\t\t\t\t\t<\/div>\n\t\t<\/section>\n\t\t\t\t<section class=\"elementor-section elementor-top-section elementor-element elementor-element-412b0d31 elementor-section-height-min-height elementor-section-boxed elementor-section-height-default elementor-section-items-middle\" data-id=\"412b0d31\" data-element_type=\"section\" data-e-type=\"section\" data-settings=\"{&quot;background_background&quot;:&quot;classic&quot;,&quot;animation&quot;:&quot;none&quot;}\">\n\t\t\t\t\t\t<div class=\"elementor-container elementor-column-gap-default\">\n\t\t\t\t\t<div class=\"elementor-column elementor-col-100 elementor-top-column elementor-element elementor-element-151e3a80\" data-id=\"151e3a80\" data-element_type=\"column\" data-e-type=\"column\">\n\t\t\t<div class=\"elementor-widget-wrap elementor-element-populated\">\n\t\t\t\t\t\t<section class=\"elementor-section elementor-inner-section elementor-element elementor-element-13fb7399 texti elementor-section-boxed elementor-section-height-default elementor-section-height-default\" data-id=\"13fb7399\" data-element_type=\"section\" data-e-type=\"section\" data-settings=\"{&quot;background_background&quot;:&quot;classic&quot;}\">\n\t\t\t\t\t\t<div class=\"elementor-container elementor-column-gap-default\">\n\t\t\t\t\t<div class=\"elementor-column elementor-col-100 elementor-inner-column elementor-element elementor-element-55850ebd\" data-id=\"55850ebd\" data-element_type=\"column\" data-e-type=\"column\">\n\t\t\t<div class=\"elementor-widget-wrap elementor-element-populated\">\n\t\t\t\t\t\t<div class=\"elementor-element elementor-element-39e53138 elementor-widget elementor-widget-text-editor\" data-id=\"39e53138\" data-element_type=\"widget\" data-e-type=\"widget\" data-widget_type=\"text-editor.default\">\n\t\t\t\t<div class=\"elementor-widget-container\">\n\t\t\t\t\t\t\t\t\t<p>Al enviar el pago a trav\u00e9s de la opci\u00f3n &#8220;<strong>PAY NOW<\/strong>&#8220;, el Cliente retiene y emplea a <strong>THE TICKET CLINIC, A LAW FIRM<\/strong>, para representarlo en su caso presentado en esta solicitud. La tarifa pagada no es reembolsable y excluye multas y costos judiciales, si los hubiera, que pueden superar el precio de la multa, por lo cual el cliente ser\u00e1 \u00fanicamente responsable. El Cliente comprende que esta tarifa se gana de inmediato, no es reembolsable y no se basa en una tarifa por hora. Esta tarifa excluye cualquier apelaci\u00f3n. No se realizar\u00e1n reembolsos, as\u00ed que aseg\u00farese de que desea contratarnos. No se ha hecho ninguna representaci\u00f3n al cliente sobre la probabilidad de \u00e9xito en su caso. El cliente tambi\u00e9n reconoce y comprende que ha contratado a <strong>THE TICKET CLINIC<\/strong> y no se han hecho representaciones sobre qu\u00e9 abogado del bufete lo representar\u00e1. Adem\u00e1s, <strong>THE TICKET CLINIC<\/strong> puede sustituir a otro abogado no asociado con el bufete para representar al cliente.<\/p><p>1. El cliente autoriza a <strong>THE TICKET CLINIC<\/strong> a representarlo en este asunto y a mantener una declaraci\u00f3n de no culpabilidad o presentar una declaraci\u00f3n de no contestaci\u00f3n en nombre del cliente a discreci\u00f3n de <strong>THE TICKET CLINIC<\/strong>.<\/p><p>2. En algunos condados, las comparecencias de abogados est\u00e1n permitidas por correo o por tel\u00e9fono. El cliente comprende que, si surge esta situaci\u00f3n, nuestro abogado puede optar por ejercer esa opci\u00f3n.<\/p><p>3. El cliente comprende que si su abogado est\u00e1 en otra sala del tribunal en el momento de su juicio y el cliente elige estar presente, el cliente debe esperar a su abogado. Si el cliente decide manejar el caso por s\u00ed mismo, <strong>NO<\/strong> recibir\u00e1 un reembolso.<\/p><p>4. Es responsabilidad exclusiva del cliente informar a <strong>THE TICKET CLINIC<\/strong> de cualquier cambio en su informaci\u00f3n personal, incluyendo, entre otros, direcci\u00f3n, n\u00famero de tel\u00e9fono y direcci\u00f3n de correo electr\u00f3nico. Cualquier responsabilidad financiera incurrida debido a que el cliente no inform\u00f3 a <strong>THE TICKET CLINIC<\/strong> de los cambios mencionados ser\u00e1 responsabilidad exclusiva del cliente.<\/p><p>5. Algunos condados permiten que nuestro bufete de abogados aparezca mediante una declaraci\u00f3n escrita. Cuando surgen conflictos de programaci\u00f3n, o nuestro abogado no puede asistir a la audiencia programada, se utiliza esta opci\u00f3n con moderaci\u00f3n. En esos casos, nuestro bufete hace el mejor intento de obtener un resultado favorable para el cliente sin que un abogado del bufete aparezca en persona.<\/p><p>6. El cliente entiende que la garant\u00eda de devoluci\u00f3n de dinero proporcionada por <strong>THE TICKET CLINIC<\/strong> es la siguiente: Alachua, Baker, Bay, Bradford, Calhoun, Citrus, Clay, Escambia, Franklin, Gadsden, Gilchrist, Glades, Gulf, Hamilton, Hardee, Hendry, Hernando , Highlands, Holmes, Jackson, Jefferson, Lafayette, Leon, Liberty, Madison, Okaloosa, Putnam, Santa Rosa, Sarasota, Suwannee, Taylor, Union, Walton, Condado de Washington: sin puntos si no ha recibido multas en los \u00faltimos 2 a\u00f1os (excluye escuela\/ zona de construcci\u00f3n, casos de accidentes y casos judiciales obligatorios) no hay escuela de tr\u00e1nsito si no hay multas en los \u00faltimos 2 a\u00f1os y no excede 19 por encima del l\u00edmite (excluye escuela\/zona de construcci\u00f3n, casos de accidentes y casos judiciales obligatorios). Manatee: No hay puntos si no hay multas en los \u00faltimos 2 a\u00f1os (excluye escuela\/zona de construcci\u00f3n, casos de accidentes con lesiones y casos judiciales obligatorios) no hay escuela de tr\u00e1nsito si no hay multas en los \u00faltimos 2 a\u00f1os y no excede 19 por encima del l\u00edmite (excluye escuela\/construcci\u00f3n zona, casos de accidentes con lesiones y casos judiciales obligatorios). Volusia y Flagler: No garantizamos puntos independientemente del historial de conducci\u00f3n. (Excluye zonas escolares\/de construcci\u00f3n, accidentes con lesiones y casos judiciales obligatorios. No hay escuela de tr\u00e1nsito si no ha recibido multas en los \u00faltimos 2 a\u00f1os y no exced\u00eda 29 mph por encima del l\u00edmite de velocidad indicado. (Excluye zonas escolares\/de construcci\u00f3n, accidentes con lesiones y casos judiciales obligatorios. Condados de Duval y Nassau: no garantizamos puntos si no hay multas en los \u00faltimos 12 meses (excluye zona escolar, zonas de construcci\u00f3n, casos de accidentes y casos judiciales obligatorios), no hay garant\u00eda para la escuela de manejo. Condado de St Johns: no garantizamos puntos si no hay multas en los \u00faltimos 12 meses (excluye zonas escolares y de construcci\u00f3n, casos de accidentes y casos judiciales obligatorios) y no hay escuela si no hay multas en los \u00faltimos 2 a\u00f1os y no excede las 19 mph (excluye zonas escolares y de construcci\u00f3n, casos de accidentes con lesiones y casos judiciales obligatorios). Indian River, Martin, Okeechobee y St. Lucie: No hay puntos si no hay multas en los \u00faltimos 2 a\u00f1os (excluye casos de accidentes con lesiones y casos judiciales obligatorios), no hay escuela de manejo si no hay multas en los \u00faltimos 2 a\u00f1os. \u00faltimos 2 a\u00f1os (excluyendo zonas escolares\/de construcci\u00f3n, accidentes con lesiones y casos judiciales obligatorios). Palm Beach y el condado de Lee: No hay puntos si no hay multas en los \u00faltimos 2 a\u00f1os (Excluyendo accidentes con lesiones y casos judiciales obligatorios SOLAMENTE) No hay escuela de manejo si no hay multas en los \u00faltimos 3 a\u00f1os y no excede las 14 mph por encima del l\u00edmite de velocidad. Excluyendo zonas escolares y de construcci\u00f3n, accidentes con lesiones y citas obligatorias ante los tribunales. Condado de Monroe: No hay puntos ni clases si no hay multas en los \u00faltimos 2 a\u00f1os (excluye todos los casos de accidentes, casos de zonas escolares\/de construcci\u00f3n, rebasar un autob\u00fas escolar y casos obligatorios). Condado de Collier: Sin puntos si no ha recibido multas en los \u00faltimos 2 a\u00f1os y no excede 20 mph por encima del l\u00edmite de velocidad (excluye zonas escolares\/de construcci\u00f3n, casos de accidentes y casos judiciales obligatorios), no hay escuela de manejo si no ha recibido multas en los \u00faltimos 3 a\u00f1os y sin exceder 14 mph por encima del l\u00edmite de velocidad (excluyendo zonas escolares\/de construcci\u00f3n, accidentes con lesiones y casos judiciales obligatorios) Columbia, Levy y Wakulla, condado: sin puntos si no ha recibido multas en los \u00faltimos 5 a\u00f1os, sin exceder 14 mph por encima del l\u00edmite (excluye escuela\/construcci\u00f3n, casos de accidentes y casos judiciales obligatorios), la escuela de tr\u00e1nsito no est\u00e1 garantizada. Brevard, Lake y Orange: no hay puntos garantizados independientemente del historial de conducci\u00f3n (excluye casos judiciales obligatorios, casos de escuelas\/zonas de construcci\u00f3n y casos de accidentes con lesiones), no hay escuela de conducci\u00f3n si no ha recibido multas en los \u00faltimos 3 a\u00f1os. sin exceder 14 mph por encima del l\u00edmite (excluye escuela\/zona de construcci\u00f3n, casos de accidentes con lesiones y casos judiciales obligatorios). Condado de Seminole: sin puntos si no hay multas en los \u00faltimos 12 meses (excluye casos judiciales obligatorios, casos de escuelas\/zonas de construcci\u00f3n y casos de accidentes con lesiones) y no hay escuela de manejo si no hay multas en los \u00faltimos 2 a\u00f1os (excluye escuelas\/zonas de construcci\u00f3n, casos de accidentes con lesiones y casos judiciales obligatorios). Condado de Osceola: no hay puntos garantizados (excluye casos judiciales obligatorios, casos de escuelas\/zonas de construcci\u00f3n y casos de accidentes), no hay escuela de tr\u00e1nsito siempre que no haya otras multas en los \u00faltimos 2 a\u00f1os, sin exceder 14 mph por encima del l\u00edmite de velocidad (la garant\u00eda de la escuela de tr\u00e1nsito excluye casos judiciales obligatorios, casos de escuelas\/zonas de construcci\u00f3n, casos de accidentes y violaciones de la ley de traslado). Condados de Dixie y Polk: sin puntos si no hay multas en los \u00faltimos 2 a\u00f1os (excluye escuelas\/zonas de construcci\u00f3n, casos de accidentes y casos judiciales obligatorios), La escuela de tr\u00e1nsito no est\u00e1 garantizada. Broward, Condado de Miami-Dade: no hay puntos ni escuela de manejo si no hay multas en los \u00faltimos 2 a\u00f1os (excluye escuela\/zona de construcci\u00f3n, citaciones por violaci\u00f3n de dispositivos de control de tr\u00e1fico, casos judiciales obligatorios y casos de accidentes con lesiones), el cliente debe tener una licencia v\u00e1lida Licencia por m\u00e1s de 2 a\u00f1os para calificar. Charlotte, Desoto y condado de Marion: no se garantizan puntos si no hay multas en los \u00faltimos 3 a\u00f1os (excluye escuela\/zona de construcci\u00f3n, casos de accidentes con lesiones y casos judiciales obligatorios), no hay garant\u00eda para la escuela de manejo. Condado de Sumter: no se garantizan puntos si no hay multas en los \u00faltimos 3 a\u00f1os y no se exceden 19 mph por encima del l\u00edmite de velocidad indicado (excluye escuela\/zona de construcci\u00f3n, casos de accidentes y casos judiciales obligatorios), no hay garant\u00eda para la escuela de manejo. Pasco: sin puntos si no hay multas en los \u00faltimos 3 a\u00f1os (excluye casos de escuela\/construcci\u00f3n, accidentes con lesiones y casos judiciales obligatorios), no hay escuela de tr\u00e1nsito si no hay multas en los \u00faltimos 5 a\u00f1os y no excede las 19 mph por encima del l\u00edmite de velocidad indicado ( excluye escuela\/zona de construcci\u00f3n, casos de accidentes con lesiones y casos judiciales obligatorios) Condados de Hillsborough y Pinellas: sin puntos si no hay multas en los \u00faltimos 2 a\u00f1os (excluye casos de accidentes, construcci\u00f3n\/zona escolar y casos judiciales obligatorios), no hay escuela de tr\u00e1nsito si no tiene multas en los \u00faltimos 2 a\u00f1os y no m\u00e1s de otras 5 multas en su historial de manejo de por vida (excluye casos de accidentes, construcci\u00f3n\/zona escolar y casos judiciales obligatorios).<\/p><p><span style=\"background-color: transparent; color: var( --e-global-color-text );\">7. Todas las garant\u00edas de devoluci\u00f3n de dinero se basan en la velocidad real, NO necesariamente en la velocidad mencionada en la citaci\u00f3n. Esto puede afectar al importe de la multa y\/o a las costas judiciales, ya que la multa\/costos impuestos pueden estar relacionados con la velocidad real. Si su multa es por exceder el l\u00edmite de velocidad de 30 mph o m\u00e1s, o por rebasar un autob\u00fas escolar detenido, la ley de Florida no le permite pagar su multa ni elegir la escuela de manejo. Existe una comparecencia ante el tribunal obligatoria requerida por el cliente o un abogado (esto se considera un \u201ccaso judicial obligatorio\u201d). El cliente es consciente que <strong>THE TICKET CLINIC<\/strong> no ofrece garant\u00eda de devoluci\u00f3n de dinero para este tipo de casos y la licencia de conducir puede ser suspendida por el Tribunal.<\/span><\/p><p><span style=\"background-color: transparent; color: var( --e-global-color-text );\">8. Para los conductores con licencia fuera del estado de Florida, si bien ofrecemos una garant\u00eda de devoluci\u00f3n de dinero para muchas citaciones de Florida (se aplican restricciones, llame para obtener m\u00e1s detalles), no garantizamos ni prometemos c\u00f3mo afectar\u00e1 el resultado que obtengamos para usted en Florida. su historial de manejo del estado de origen. Si esto le preocupa, debe comunicarse con el DMV de su estado de origen para que ellos puedan responder sus preguntas.<\/span><\/p><p><span style=\"background-color: transparent; color: var( --e-global-color-text );\">9. Las tarifas se basan en las declaraciones del Cliente en el formulario &#8220;contrate con nosotros ahora&#8221;. Si los cargos reales, fechas, condados u otra informaci\u00f3n difieren de dichas representaciones, <strong>THE TICKET CLINIC<\/strong> puede, a su opci\u00f3n, retirarse del caso, cobrar una tarifa adicional o ambas cosas. En cualquier caso, no habr\u00e1 reembolso.<\/span><\/p><p>10. Usted acepta que todas las comunicaciones futuras de <strong>THE TICKET CLINIC<\/strong> con usted podr\u00e1n realizarse sin papel, ya sea por correo electr\u00f3nico o SMS. Es su responsabilidad notificar a <strong>THE TICKET CLINIC<\/strong> si cambia su correo electr\u00f3nico, n\u00famero de tel\u00e9fono o direcci\u00f3n f\u00edsica.<\/p>\t\t\t\t\t\t\t\t<\/div>\n\t\t\t\t<\/div>\n\t\t\t\t\t<\/div>\n\t\t<\/div>\n\t\t\t\t\t<\/div>\n\t\t<\/section>\n\t\t\t\t\t<\/div>\n\t\t<\/div>\n\t\t\t\t\t<\/div>\n\t\t<\/section>\n\t\t\t\t<\/div>\n\t\t","protected":false},"excerpt":{"rendered":"<p>T\u00e9rminos y Condiciones Al enviar el pago a trav\u00e9s de la opci\u00f3n &#8220;PAY NOW&#8220;, el Cliente retiene y emplea a THE TICKET CLINIC, A LAW FIRM, para representarlo en su caso presentado en esta solicitud. La tarifa pagada no es reembolsable y excluye multas y costos judiciales, si los hubiera, que pueden superar el precio [&hellip;]<\/p>\n","protected":false},"author":6,"featured_media":0,"parent":0,"menu_order":0,"comment_status":"closed","ping_status":"closed","template":"","meta":{"_acf_changed":false,"footnotes":""},"class_list":["post-6416","page","type-page","status-publish","hentry"],"acf":[],"yoast_head":"<!-- This site is optimized with the Yoast SEO Premium plugin v27.5 (Yoast SEO v27.5) - https:\/\/yoast.com\/product\/yoast-seo-premium-wordpress\/ -->\n<title>The Ticket Clinic | Terms and Conditions Web Spanish<\/title>\n<meta name=\"description\" content=\"We are the largest traffic ticket law firm in the country. Our attorneys resolve speeding tickets, suspended licenses, DUIs and all traffic citations.\" \/>\n<meta name=\"robots\" content=\"index, follow, max-snippet:-1, max-image-preview:large, max-video-preview:-1\" \/>\n<link rel=\"canonical\" href=\"https:\/\/www.theticketclinic.com\/es\/terms-and-conditions-web-spa\/\" \/>\n<meta property=\"og:locale\" content=\"es_ES\" \/>\n<meta property=\"og:type\" content=\"article\" \/>\n<meta property=\"og:title\" content=\"Terms and Conditions Web Spanish\" \/>\n<meta property=\"og:description\" content=\"We are the largest traffic ticket law firm in the country. Our attorneys resolve speeding tickets, suspended licenses, DUIs and all traffic citations.\" \/>\n<meta property=\"og:url\" content=\"https:\/\/www.theticketclinic.com\/es\/terms-and-conditions-web-spa\/\" \/>\n<meta property=\"og:site_name\" content=\"The Ticket Clinic | Traffic Ticket Lawyer Florida And Speeding Attorneys\" \/>\n<meta property=\"article:publisher\" content=\"https:\/\/www.facebook.com\/theticketclinic\/\" \/>\n<meta property=\"article:modified_time\" content=\"2024-02-23T02:40:52+00:00\" \/>\n<meta property=\"og:image\" content=\"https:\/\/www.theticketclinic.com\/wp-content\/uploads\/2024\/06\/ttc-logo.png\" \/>\n\t<meta property=\"og:image:width\" content=\"1200\" \/>\n\t<meta property=\"og:image:height\" content=\"628\" \/>\n\t<meta property=\"og:image:type\" content=\"image\/png\" \/>\n<meta name=\"twitter:card\" content=\"summary_large_image\" \/>\n<meta name=\"twitter:label1\" content=\"Tiempo de lectura\" \/>\n\t<meta name=\"twitter:data1\" content=\"10 minutos\" \/>\n<!-- \/ Yoast SEO Premium plugin. -->","yoast_head_json":{"title":"The Ticket Clinic | Terms and Conditions Web Spanish","description":"We are the largest traffic ticket law firm in the country. Our attorneys resolve speeding tickets, suspended licenses, DUIs and all traffic citations.","robots":{"index":"index","follow":"follow","max-snippet":"max-snippet:-1","max-image-preview":"max-image-preview:large","max-video-preview":"max-video-preview:-1"},"canonical":"https:\/\/www.theticketclinic.com\/es\/terms-and-conditions-web-spa\/","og_locale":"es_ES","og_type":"article","og_title":"Terms and Conditions Web Spanish","og_description":"We are the largest traffic ticket law firm in the country. Our attorneys resolve speeding tickets, suspended licenses, DUIs and all traffic citations.","og_url":"https:\/\/www.theticketclinic.com\/es\/terms-and-conditions-web-spa\/","og_site_name":"The Ticket Clinic | Traffic Ticket Lawyer Florida And Speeding Attorneys","article_publisher":"https:\/\/www.facebook.com\/theticketclinic\/","article_modified_time":"2024-02-23T02:40:52+00:00","og_image":[{"width":1200,"height":628,"url":"https:\/\/www.theticketclinic.com\/wp-content\/uploads\/2024\/06\/ttc-logo.png","type":"image\/png"}],"twitter_card":"summary_large_image","twitter_misc":{"Tiempo de lectura":"10 minutos"},"schema":{"@context":"https:\/\/schema.org","@graph":[{"@type":"WebPage","@id":"https:\/\/www.theticketclinic.com\/terms-and-conditions-web-spa\/","url":"https:\/\/www.theticketclinic.com\/terms-and-conditions-web-spa\/","name":"The Ticket Clinic | Terms and Conditions Web Spanish","isPartOf":{"@id":"https:\/\/www.theticketclinic.com\/#website"},"datePublished":"2024-02-23T00:00:11+00:00","dateModified":"2024-02-23T02:40:52+00:00","description":"We are the largest traffic ticket law firm in the country. Our attorneys resolve speeding tickets, suspended licenses, DUIs and all traffic citations.","breadcrumb":{"@id":"https:\/\/www.theticketclinic.com\/terms-and-conditions-web-spa\/#breadcrumb"},"inLanguage":"es","potentialAction":[{"@type":"ReadAction","target":["https:\/\/www.theticketclinic.com\/terms-and-conditions-web-spa\/"]}]},{"@type":"BreadcrumbList","@id":"https:\/\/www.theticketclinic.com\/terms-and-conditions-web-spa\/#breadcrumb","itemListElement":[{"@type":"ListItem","position":1,"name":"Home","item":"https:\/\/www.theticketclinic.com\/"},{"@type":"ListItem","position":2,"name":"Terms and Conditions Web Spanish"}]},{"@type":"WebSite","@id":"https:\/\/www.theticketclinic.com\/#website","url":"https:\/\/www.theticketclinic.com\/","name":"The Ticket Clinic | Florida Traffic Ticket Lawyer And Speeding Attorneys","description":"Over 35+ years fighting traffic tickets. Text 305305 for a fast and free quote.","publisher":{"@id":"https:\/\/www.theticketclinic.com\/#organization"},"potentialAction":[{"@type":"SearchAction","target":{"@type":"EntryPoint","urlTemplate":"https:\/\/www.theticketclinic.com\/?s={search_term_string}"},"query-input":{"@type":"PropertyValueSpecification","valueRequired":true,"valueName":"search_term_string"}}],"inLanguage":"es"},{"@type":"Organization","@id":"https:\/\/www.theticketclinic.com\/#organization","name":"The Ticket Clinic","url":"https:\/\/www.theticketclinic.com\/","logo":{"@type":"ImageObject","inLanguage":"es","@id":"https:\/\/www.theticketclinic.com\/#\/schema\/logo\/image\/","url":"https:\/\/www.theticketclinic.com\/wp-content\/uploads\/2024\/06\/ttc-logo.png","contentUrl":"https:\/\/www.theticketclinic.com\/wp-content\/uploads\/2024\/06\/ttc-logo.png","width":1200,"height":628,"caption":"The Ticket Clinic"},"image":{"@id":"https:\/\/www.theticketclinic.com\/#\/schema\/logo\/image\/"},"sameAs":["https:\/\/www.facebook.com\/theticketclinic\/"]}]}},"_links":{"self":[{"href":"https:\/\/www.theticketclinic.com\/es\/wp-json\/wp\/v2\/pages\/6416","targetHints":{"allow":["GET"]}}],"collection":[{"href":"https:\/\/www.theticketclinic.com\/es\/wp-json\/wp\/v2\/pages"}],"about":[{"href":"https:\/\/www.theticketclinic.com\/es\/wp-json\/wp\/v2\/types\/page"}],"author":[{"embeddable":true,"href":"https:\/\/www.theticketclinic.com\/es\/wp-json\/wp\/v2\/users\/6"}],"replies":[{"embeddable":true,"href":"https:\/\/www.theticketclinic.com\/es\/wp-json\/wp\/v2\/comments?post=6416"}],"version-history":[{"count":29,"href":"https:\/\/www.theticketclinic.com\/es\/wp-json\/wp\/v2\/pages\/6416\/revisions"}],"predecessor-version":[{"id":6459,"href":"https:\/\/www.theticketclinic.com\/es\/wp-json\/wp\/v2\/pages\/6416\/revisions\/6459"}],"wp:attachment":[{"href":"https:\/\/www.theticketclinic.com\/es\/wp-json\/wp\/v2\/media?parent=6416"}],"curies":[{"name":"wp","href":"https:\/\/api.w.org\/{rel}","templated":true}]}}