{"id":143,"date":"2023-01-25T19:58:26","date_gmt":"2023-01-25T19:58:26","guid":{"rendered":"http:\/\/18.211.219.184\/abogado-de-trafico-y-tickets\/"},"modified":"2024-07-19T10:13:59","modified_gmt":"2024-07-19T10:13:59","slug":"abogado-de-trafico-y-tickets","status":"publish","type":"page","link":"https:\/\/www.theticketclinic.com\/es\/abogado-de-trafico-y-tickets\/","title":{"rendered":"ABOGADO DE TR\u00c1FICO Y TICKETS"},"content":{"rendered":"\t\t<div data-elementor-type=\"wp-page\" data-elementor-id=\"143\" class=\"elementor elementor-143\" data-elementor-post-type=\"page\">\n\t\t\t\t\t\t<section class=\"elementor-section elementor-top-section elementor-element elementor-element-38f5fd77 elementor-section-boxed elementor-section-height-default elementor-section-height-default\" data-id=\"38f5fd77\" data-element_type=\"section\" data-e-type=\"section\">\n\t\t\t\t\t\t<div class=\"elementor-container elementor-column-gap-default\">\n\t\t\t\t\t<div class=\"elementor-column elementor-col-100 elementor-top-column elementor-element elementor-element-61f2ba4e\" data-id=\"61f2ba4e\" data-element_type=\"column\" data-e-type=\"column\">\n\t\t\t<div class=\"elementor-widget-wrap elementor-element-populated\">\n\t\t\t\t\t\t<div class=\"elementor-element elementor-element-11384cf8 elementor-widget elementor-widget-menu-anchor\" data-id=\"11384cf8\" data-element_type=\"widget\" data-e-type=\"widget\" data-widget_type=\"menu-anchor.default\">\n\t\t\t\t<div class=\"elementor-widget-container\">\n\t\t\t\t\t\t\t<div class=\"elementor-menu-anchor\" id=\"top\"><\/div>\n\t\t\t\t\t\t<\/div>\n\t\t\t\t<\/div>\n\t\t\t\t\t<\/div>\n\t\t<\/div>\n\t\t\t\t\t<\/div>\n\t\t<\/section>\n\t\t\t\t<section class=\"elementor-section elementor-top-section elementor-element elementor-element-2d9c9f4c elementor-section-full_width elementor-section-height-min-height elementor-section-height-default elementor-section-items-middle\" data-id=\"2d9c9f4c\" data-element_type=\"section\" data-e-type=\"section\" data-settings=\"{&quot;background_background&quot;:&quot;classic&quot;,&quot;background_motion_fx_motion_fx_scrolling&quot;:&quot;yes&quot;,&quot;background_motion_fx_translateY_effect&quot;:&quot;yes&quot;,&quot;background_motion_fx_translateY_speed&quot;:{&quot;unit&quot;:&quot;px&quot;,&quot;size&quot;:5,&quot;sizes&quot;:[]},&quot;background_motion_fx_scale_effect&quot;:&quot;yes&quot;,&quot;background_motion_fx_scale_speed&quot;:{&quot;unit&quot;:&quot;px&quot;,&quot;size&quot;:2,&quot;sizes&quot;:[]},&quot;background_motion_fx_devices&quot;:[&quot;desktop&quot;,&quot;tablet&quot;],&quot;background_motion_fx_translateY_affectedRange&quot;:{&quot;unit&quot;:&quot;%&quot;,&quot;size&quot;:&quot;&quot;,&quot;sizes&quot;:{&quot;start&quot;:0,&quot;end&quot;:100}},&quot;background_motion_fx_scale_direction&quot;:&quot;out-in&quot;,&quot;background_motion_fx_scale_range&quot;:{&quot;unit&quot;:&quot;%&quot;,&quot;size&quot;:&quot;&quot;,&quot;sizes&quot;:{&quot;start&quot;:20,&quot;end&quot;:80}}}\">\n\t\t\t\t\t\t\t<div class=\"elementor-background-overlay\"><\/div>\n\t\t\t\t\t\t\t<div class=\"elementor-container elementor-column-gap-default\">\n\t\t\t\t\t<div class=\"elementor-column elementor-col-100 elementor-top-column elementor-element elementor-element-78f99008\" data-id=\"78f99008\" data-element_type=\"column\" data-e-type=\"column\">\n\t\t\t<div class=\"elementor-widget-wrap elementor-element-populated\">\n\t\t\t\t\t\t<div class=\"elementor-element elementor-element-726c3cd1 elementor-widget__width-initial elementor-invisible elementor-widget elementor-widget-text-editor\" data-id=\"726c3cd1\" data-element_type=\"widget\" data-e-type=\"widget\" data-settings=\"{&quot;_animation&quot;:&quot;fadeInUp&quot;}\" data-widget_type=\"text-editor.default\">\n\t\t\t\t<div class=\"elementor-widget-container\">\n\t\t\t\t\t\t\t\t\t<h1>ABOGADO DE TR\u00c1FICO Y TICKETS<\/h1>\t\t\t\t\t\t\t\t<\/div>\n\t\t\t\t<\/div>\n\t\t\t\t\t<\/div>\n\t\t<\/div>\n\t\t\t\t\t<\/div>\n\t\t<\/section>\n\t\t\t\t<section class=\"elementor-section elementor-top-section elementor-element elementor-element-5f0e6aad elementor-section-height-min-height elementor-section-boxed elementor-section-height-default elementor-section-items-middle\" data-id=\"5f0e6aad\" data-element_type=\"section\" data-e-type=\"section\" data-settings=\"{&quot;background_background&quot;:&quot;classic&quot;,&quot;animation&quot;:&quot;none&quot;}\">\n\t\t\t\t\t\t<div class=\"elementor-container elementor-column-gap-default\">\n\t\t\t\t\t<div class=\"elementor-column elementor-col-100 elementor-top-column elementor-element elementor-element-aaec31c\" data-id=\"aaec31c\" data-element_type=\"column\" data-e-type=\"column\">\n\t\t\t<div class=\"elementor-widget-wrap elementor-element-populated\">\n\t\t\t\t\t\t<section class=\"elementor-section elementor-inner-section elementor-element elementor-element-41e3c5d9 texti elementor-section-boxed elementor-section-height-default elementor-section-height-default\" data-id=\"41e3c5d9\" data-element_type=\"section\" data-e-type=\"section\" data-settings=\"{&quot;background_background&quot;:&quot;classic&quot;}\">\n\t\t\t\t\t\t<div class=\"elementor-container elementor-column-gap-default\">\n\t\t\t\t\t<div class=\"elementor-column elementor-col-100 elementor-inner-column elementor-element elementor-element-791f58fd\" data-id=\"791f58fd\" data-element_type=\"column\" data-e-type=\"column\">\n\t\t\t<div class=\"elementor-widget-wrap elementor-element-populated\">\n\t\t\t\t\t\t<div class=\"elementor-element elementor-element-3064086a elementor-widget elementor-widget-text-editor\" data-id=\"3064086a\" data-element_type=\"widget\" data-e-type=\"widget\" data-widget_type=\"text-editor.default\">\n\t\t\t\t<div class=\"elementor-widget-container\">\n\t\t\t\t\t\t\t\t\t<p>The Ticket Clinic es una firma de abogados de tr\u00e1fico a nivel nacional que se concentra en defender a aquellos que recibieron cualquier tipo de multa por infracciones de tr\u00e1fico.<\/p><p>Desde 1987, los abogados de tr\u00e1nsito The Ticket Clinic han defendido m\u00e1s de 3,000,000 multas por infracciones. Si usted ha sido multado por alg\u00fan tipo de infracci\u00f3n en la Florida, o si su licencia de conducir ha sido suspendida o revocada, un abogado de tickets de tr\u00e1fico de The Ticket Clinic lo pueden ayudar a recuperar su derecho a conducir.<\/p>\t\t\t\t\t\t\t\t<\/div>\n\t\t\t\t<\/div>\n\t\t\t\t<div class=\"elementor-element elementor-element-34beb910 elementor-align-center botit elementor-widget elementor-widget-button\" data-id=\"34beb910\" data-element_type=\"widget\" data-e-type=\"widget\" data-widget_type=\"button.default\">\n\t\t\t\t<div class=\"elementor-widget-container\">\n\t\t\t\t\t\t\t\t\t<div class=\"elementor-button-wrapper\">\n\t\t\t\t\t<a class=\"elementor-button elementor-button-link elementor-size-lg\" href=\"https:\/\/www.theticketclinic.com\/es\/ticket-clinic-locations\/\">\n\t\t\t\t\t\t<span class=\"elementor-button-content-wrapper\">\n\t\t\t\t\t\t\t\t\t<span class=\"elementor-button-text\">Tenemos 30 oficinas en Florida (y afiliados en toda la naci\u00f3n)<\/span>\n\t\t\t\t\t<\/span>\n\t\t\t\t\t<\/a>\n\t\t\t\t<\/div>\n\t\t\t\t\t\t\t\t<\/div>\n\t\t\t\t<\/div>\n\t\t\t\t<div class=\"elementor-element elementor-element-569f51ea elementor-widget elementor-widget-text-editor\" data-id=\"569f51ea\" data-element_type=\"widget\" data-e-type=\"widget\" data-widget_type=\"text-editor.default\">\n\t\t\t\t<div class=\"elementor-widget-container\">\n\t\t\t\t\t\t\t\t\t<h2>Abogados de tickets para personas con licencia suspendida o DUI<\/h2>\t\t\t\t\t\t\t\t<\/div>\n\t\t\t\t<\/div>\n\t\t\t\t<div class=\"elementor-element elementor-element-6049b44f elementor-widget-divider--view-line elementor-widget elementor-widget-divider\" data-id=\"6049b44f\" data-element_type=\"widget\" data-e-type=\"widget\" data-widget_type=\"divider.default\">\n\t\t\t\t<div class=\"elementor-widget-container\">\n\t\t\t\t\t\t\t<div class=\"elementor-divider\">\n\t\t\t<span class=\"elementor-divider-separator\">\n\t\t\t\t\t\t<\/span>\n\t\t<\/div>\n\t\t\t\t\t\t<\/div>\n\t\t\t\t<\/div>\n\t\t\t\t<div class=\"elementor-element elementor-element-72d7c522 texti elementor-widget elementor-widget-text-editor\" data-id=\"72d7c522\" data-element_type=\"widget\" data-e-type=\"widget\" data-widget_type=\"text-editor.default\">\n\t\t\t\t<div class=\"elementor-widget-container\">\n\t\t\t\t\t\t\t\t\tNosotros entendemos que se pueden presentar circunstancias por las que no haya pagado sus infracciones de tr\u00e1nsito y otros errores honestos que pueden resultar en una licencia suspendida.\n\nEn The Ticket Clinic nuestros abogados de tickets trabajan para recuperar los privilegios de conducir de nuestros clientes y les ofrecemos opciones de pago flexibles. Nuestros abogados tambi\u00e9n manejan casos criminales de tr\u00e1nsito como DUI, Reckless Driving, Racing  Tickets de m\u00e1s de 100 y accidentes de tr\u00e1fico.\t\t\t\t\t\t\t\t<\/div>\n\t\t\t\t<\/div>\n\t\t\t\t<div class=\"elementor-element elementor-element-4cdcf201 elementor-widget elementor-widget-video\" data-id=\"4cdcf201\" data-element_type=\"widget\" data-e-type=\"widget\" data-settings=\"{&quot;youtube_url&quot;:&quot;https:\\\/\\\/www.youtube.com\\\/watch?v=fLFa1y8ZvnQ&quot;,&quot;lazy_load&quot;:&quot;yes&quot;,&quot;video_type&quot;:&quot;youtube&quot;,&quot;controls&quot;:&quot;yes&quot;}\" data-widget_type=\"video.default\">\n\t\t\t\t<div class=\"elementor-widget-container\">\n\t\t\t\t\t\t\t<div class=\"elementor-wrapper elementor-open-inline\">\n\t\t\t<div class=\"elementor-video\"><\/div>\t\t<\/div>\n\t\t\t\t\t\t<\/div>\n\t\t\t\t<\/div>\n\t\t\t\t<div class=\"elementor-element elementor-element-2778a83e elementor-widget elementor-widget-text-editor\" data-id=\"2778a83e\" data-element_type=\"widget\" data-e-type=\"widget\" data-widget_type=\"text-editor.default\">\n\t\t\t\t<div class=\"elementor-widget-container\">\n\t\t\t\t\t\t\t\t\t<h2>\u00bfPor qu\u00e9 debes elegir a The Ticket Clinic para ser representado legalmente?<\/h2>\t\t\t\t\t\t\t\t<\/div>\n\t\t\t\t<\/div>\n\t\t\t\t<div class=\"elementor-element elementor-element-4cea2d27 elementor-widget-divider--view-line elementor-widget elementor-widget-divider\" data-id=\"4cea2d27\" data-element_type=\"widget\" data-e-type=\"widget\" data-widget_type=\"divider.default\">\n\t\t\t\t<div class=\"elementor-widget-container\">\n\t\t\t\t\t\t\t<div class=\"elementor-divider\">\n\t\t\t<span class=\"elementor-divider-separator\">\n\t\t\t\t\t\t<\/span>\n\t\t<\/div>\n\t\t\t\t\t\t<\/div>\n\t\t\t\t<\/div>\n\t\t\t\t<div class=\"elementor-element elementor-element-662f8f84 texti elementor-widget elementor-widget-text-editor\" data-id=\"662f8f84\" data-element_type=\"widget\" data-e-type=\"widget\" data-widget_type=\"text-editor.default\">\n\t\t\t\t<div class=\"elementor-widget-container\">\n\t\t\t\t\t\t\t\t\t<p>Somos una firma abogados de tickets reales y nuestros abogados son verdaderos profesionales que personalmente revisan su caso. Su caso no ser\u00e1 procesado por medio de un aplicaci\u00f3n o robots. Nuestro equipo le brindar\u00e1 ayuda a trav\u00e9s de cada paso de su proceso legal.<\/p><ol style=\"margin-top: 15px; margin-bottom: 15px;\"><li>Nosotros personalmente iremos a juicio \u2013 Muchos de los llamados \u201cservicios de defensa\u201d s\u00f3lo ver\u00e1n su papeleo y terminar\u00e1n por referirle a nuestra equipo cuando ellos no puedan con su caso.<\/li><li>Tenemos a\u00f1os de experiencia \u2013 Nuestra firma de abogados ha estado en el negocio desde 1987 en Florida. Los abogados de Tr\u00e1nsito en The Ticket Clinic usan estrategias de defensa adquiridas por manejar m\u00e1s de 5.000.000 casos legales en todo el pa\u00eds.<\/li><\/ol><p>Ya sea que usted haya recibido su boleto de tr\u00e1fico en Florida, The Ticket Clinic trabajar\u00e1 duro para proteger sus derechos! Ll\u00e1menos ahora para una consulta gratis.<\/p>\t\t\t\t\t\t\t\t<\/div>\n\t\t\t\t<\/div>\n\t\t\t\t\t<\/div>\n\t\t<\/div>\n\t\t\t\t\t<\/div>\n\t\t<\/section>\n\t\t\t\t\t<\/div>\n\t\t<\/div>\n\t\t\t\t\t<\/div>\n\t\t<\/section>\n\t\t\t\t<\/div>\n\t\t","protected":false},"excerpt":{"rendered":"<p>ABOGADO DE TR\u00c1FICO Y TICKETS The Ticket Clinic es una firma de abogados de tr\u00e1fico a nivel nacional que se concentra en defender a aquellos que recibieron cualquier tipo de multa por infracciones de tr\u00e1fico. Desde 1987, los abogados de tr\u00e1nsito The Ticket Clinic han defendido m\u00e1s de 3,000,000 multas por infracciones. Si usted ha [&hellip;]<\/p>\n","protected":false},"author":2,"featured_media":0,"parent":0,"menu_order":0,"comment_status":"closed","ping_status":"closed","template":"","meta":{"_acf_changed":false,"footnotes":""},"class_list":["post-143","page","type-page","status-publish","hentry"],"acf":[],"yoast_head":"<!-- This site is optimized with the Yoast SEO Premium plugin v27.3 (Yoast SEO v27.3) - https:\/\/yoast.com\/product\/yoast-seo-premium-wordpress\/ -->\n<title>The Ticket Clinic | ABOGADO DE TR\u00c1FICO Y TICKETS<\/title>\n<meta name=\"description\" content=\"We are the largest traffic ticket law firm in the country. Our attorneys resolve speeding tickets, suspended licenses, DUIs and all traffic citations.\" \/>\n<meta name=\"robots\" content=\"index, follow, max-snippet:-1, max-image-preview:large, max-video-preview:-1\" \/>\n<link rel=\"canonical\" href=\"https:\/\/www.theticketclinic.com\/es\/abogado-de-trafico-y-tickets\/\" \/>\n<meta property=\"og:locale\" content=\"es_ES\" \/>\n<meta property=\"og:type\" content=\"article\" \/>\n<meta property=\"og:title\" content=\"ABOGADO DE TR\u00c1FICO Y TICKETS\" \/>\n<meta property=\"og:description\" content=\"We are the largest traffic ticket law firm in the country. Our attorneys resolve speeding tickets, suspended licenses, DUIs and all traffic citations.\" \/>\n<meta property=\"og:url\" content=\"https:\/\/www.theticketclinic.com\/es\/abogado-de-trafico-y-tickets\/\" \/>\n<meta property=\"og:site_name\" content=\"The Ticket Clinic | Traffic Ticket Lawyer Florida And Speeding Attorneys\" \/>\n<meta property=\"article:publisher\" content=\"https:\/\/www.facebook.com\/theticketclinic\/\" \/>\n<meta property=\"article:modified_time\" content=\"2024-07-19T10:13:59+00:00\" \/>\n<meta property=\"og:image\" content=\"https:\/\/www.theticketclinic.com\/wp-content\/uploads\/2024\/06\/ttc-logo.png\" \/>\n\t<meta property=\"og:image:width\" content=\"1200\" \/>\n\t<meta property=\"og:image:height\" content=\"628\" \/>\n\t<meta property=\"og:image:type\" content=\"image\/png\" \/>\n<meta name=\"twitter:card\" content=\"summary_large_image\" \/>\n<meta name=\"twitter:label1\" content=\"Tiempo de lectura\" \/>\n\t<meta name=\"twitter:data1\" content=\"2 minutos\" \/>\n<!-- \/ Yoast SEO Premium plugin. -->","yoast_head_json":{"title":"The Ticket Clinic | ABOGADO DE TR\u00c1FICO Y TICKETS","description":"We are the largest traffic ticket law firm in the country. Our attorneys resolve speeding tickets, suspended licenses, DUIs and all traffic citations.","robots":{"index":"index","follow":"follow","max-snippet":"max-snippet:-1","max-image-preview":"max-image-preview:large","max-video-preview":"max-video-preview:-1"},"canonical":"https:\/\/www.theticketclinic.com\/es\/abogado-de-trafico-y-tickets\/","og_locale":"es_ES","og_type":"article","og_title":"ABOGADO DE TR\u00c1FICO Y TICKETS","og_description":"We are the largest traffic ticket law firm in the country. Our attorneys resolve speeding tickets, suspended licenses, DUIs and all traffic citations.","og_url":"https:\/\/www.theticketclinic.com\/es\/abogado-de-trafico-y-tickets\/","og_site_name":"The Ticket Clinic | Traffic Ticket Lawyer Florida And Speeding Attorneys","article_publisher":"https:\/\/www.facebook.com\/theticketclinic\/","article_modified_time":"2024-07-19T10:13:59+00:00","og_image":[{"width":1200,"height":628,"url":"https:\/\/www.theticketclinic.com\/wp-content\/uploads\/2024\/06\/ttc-logo.png","type":"image\/png"}],"twitter_card":"summary_large_image","twitter_misc":{"Tiempo de lectura":"2 minutos"},"schema":{"@context":"https:\/\/schema.org","@graph":[{"@type":"WebPage","@id":"https:\/\/www.theticketclinic.com\/abogado-de-trafico-y-tickets\/","url":"https:\/\/www.theticketclinic.com\/abogado-de-trafico-y-tickets\/","name":"The Ticket Clinic | ABOGADO DE TR\u00c1FICO Y TICKETS","isPartOf":{"@id":"https:\/\/www.theticketclinic.com\/#website"},"datePublished":"2023-01-25T19:58:26+00:00","dateModified":"2024-07-19T10:13:59+00:00","description":"We are the largest traffic ticket law firm in the country. Our attorneys resolve speeding tickets, suspended licenses, DUIs and all traffic citations.","breadcrumb":{"@id":"https:\/\/www.theticketclinic.com\/abogado-de-trafico-y-tickets\/#breadcrumb"},"inLanguage":"es","potentialAction":[{"@type":"ReadAction","target":["https:\/\/www.theticketclinic.com\/abogado-de-trafico-y-tickets\/"]}]},{"@type":"BreadcrumbList","@id":"https:\/\/www.theticketclinic.com\/abogado-de-trafico-y-tickets\/#breadcrumb","itemListElement":[{"@type":"ListItem","position":1,"name":"Home","item":"https:\/\/www.theticketclinic.com\/"},{"@type":"ListItem","position":2,"name":"ABOGADO DE TR\u00c1FICO Y TICKETS"}]},{"@type":"WebSite","@id":"https:\/\/www.theticketclinic.com\/#website","url":"https:\/\/www.theticketclinic.com\/","name":"The Ticket Clinic | Florida Traffic Ticket Lawyer And Speeding Attorneys","description":"Over 35+ years fighting traffic tickets. Text 305305 for a fast and free quote.","publisher":{"@id":"https:\/\/www.theticketclinic.com\/#organization"},"potentialAction":[{"@type":"SearchAction","target":{"@type":"EntryPoint","urlTemplate":"https:\/\/www.theticketclinic.com\/?s={search_term_string}"},"query-input":{"@type":"PropertyValueSpecification","valueRequired":true,"valueName":"search_term_string"}}],"inLanguage":"es"},{"@type":"Organization","@id":"https:\/\/www.theticketclinic.com\/#organization","name":"The Ticket Clinic","url":"https:\/\/www.theticketclinic.com\/","logo":{"@type":"ImageObject","inLanguage":"es","@id":"https:\/\/www.theticketclinic.com\/#\/schema\/logo\/image\/","url":"https:\/\/www.theticketclinic.com\/wp-content\/uploads\/2024\/06\/ttc-logo.png","contentUrl":"https:\/\/www.theticketclinic.com\/wp-content\/uploads\/2024\/06\/ttc-logo.png","width":1200,"height":628,"caption":"The Ticket Clinic"},"image":{"@id":"https:\/\/www.theticketclinic.com\/#\/schema\/logo\/image\/"},"sameAs":["https:\/\/www.facebook.com\/theticketclinic\/"]}]}},"_links":{"self":[{"href":"https:\/\/www.theticketclinic.com\/es\/wp-json\/wp\/v2\/pages\/143","targetHints":{"allow":["GET"]}}],"collection":[{"href":"https:\/\/www.theticketclinic.com\/es\/wp-json\/wp\/v2\/pages"}],"about":[{"href":"https:\/\/www.theticketclinic.com\/es\/wp-json\/wp\/v2\/types\/page"}],"author":[{"embeddable":true,"href":"https:\/\/www.theticketclinic.com\/es\/wp-json\/wp\/v2\/users\/2"}],"replies":[{"embeddable":true,"href":"https:\/\/www.theticketclinic.com\/es\/wp-json\/wp\/v2\/comments?post=143"}],"version-history":[{"count":18,"href":"https:\/\/www.theticketclinic.com\/es\/wp-json\/wp\/v2\/pages\/143\/revisions"}],"predecessor-version":[{"id":6996,"href":"https:\/\/www.theticketclinic.com\/es\/wp-json\/wp\/v2\/pages\/143\/revisions\/6996"}],"wp:attachment":[{"href":"https:\/\/www.theticketclinic.com\/es\/wp-json\/wp\/v2\/media?parent=143"}],"curies":[{"name":"wp","href":"https:\/\/api.w.org\/{rel}","templated":true}]}}